{"id":130,"date":"2019-04-18T11:45:37","date_gmt":"2019-04-18T11:45:37","guid":{"rendered":"https:\/\/charlottecouturier.com\/?page_id=130"},"modified":"2021-05-28T13:44:09","modified_gmt":"2021-05-28T13:44:09","slug":"actualites-2","status":"publish","type":"page","link":"https:\/\/charlottecouturier.com\/index.php\/actualites-2\/","title":{"rendered":"Activit\u00e9s"},"content":{"rendered":"\n<p>Artistiques  : <\/p>\n\n\n\n<ul class=\"wp-block-list\"><li>J&rsquo;ai cr\u00e9\u00e9 une performance textuelle sur les insultes sexuelles \u00e0 la Maison des M\u00e9tallos (Paris) en <strong>d\u00e9cembre 2019<\/strong>. Le spectacle tourne actuellement.<\/li><li>Je fais partie d&rsquo;une chorale <em>queer <\/em>et f\u00e9ministe nomm\u00e9e le \u2018Hot bodies choir\u2019 et dirig\u00e9e par G\u00e9rald Kurdian (voir page &lsquo;dates \u00e0 venir&rsquo; pour les prochains concerts).<\/li><li>Je participe \u00e0 une \u00e9mission radiophonique anti-patriarcale, <em>queer<\/em> et f\u00e9ministe port\u00e9e par le collectif  \u2018Faire genres !\u2019. L\u2019\u00e9mission, en direct, a lieu un vendredi par mois, de 7 h \u00e0 9 h, sur Radio Panik (105.4 FM). Toutes les \u00e9missions sont r\u00e9\u00e9coutables sur notre page facebook <a class=\"\" href=\"https:\/\/www.facebook.com\/fairegenres\/?hc_location=ufi\">Faire genres<\/a><\/li><li>J&rsquo;ai d\u00e9velopp\u00e9 un livre vivant sur les discriminations de genre que j&rsquo;ai pr\u00e9sent\u00e9 dans de nombreux lieux depuis 2016. Pour plus d&rsquo;informations sur ce projet : <a href=\"http:\/\/www.laconcertation-asbl.org\/projets-d-action-culturelle\/bibliotheque-vivante\">Biblioth\u00e8que Vivante<\/a><\/li><\/ul>\n\n\n\n<p>Enseignantes :<\/p>\n\n\n\n<ul class=\"wp-block-list\"><li>Je transmets le th\u00e9\u00e2tre \u00e0 toutes sortes de publics depuis <strong>2009<\/strong> et mes formations ont peu \u00e0 peu \u00e9volu\u00e9 en travail sur la prise de parole, travail de la voix et de l\u2019expression orale au sens large.<\/li><li>Je donne aujourd\u2019hui des cours particuliers, en fran\u00e7ais et en anglais \u00e0 Bruxelles, Paris et environs ainsi que des formations collectives intensives de plusieurs jours dans diverses structures (en Belgique ou \u00e0 l\u2019\u00e9tranger) <\/li><li>Ma client\u00e8le est compos\u00e9e \u00e0 quatre-vingts pour cent de femmes ! Particuli\u00e8rement g\u00e2t\u00e9es en termes d\u2019obstacles au rayonnement de leur parole dans la sph\u00e8re publique, je travaille \u00e0 les outiller en conscience. Pour les dates des prochaines formations collectives, voir la page &lsquo;dates \u00e0 venir&rsquo;.<\/li><\/ul>\n","protected":false},"excerpt":{"rendered":"<p>Artistiques : J&rsquo;ai cr\u00e9\u00e9 une performance textuelle sur les insultes sexuelles \u00e0 la Maison des M\u00e9tallos (Paris) en d\u00e9cembre 2019. Le spectacle [&hellip;]<\/p>\n","protected":false},"author":1,"featured_media":0,"parent":0,"menu_order":0,"comment_status":"closed","ping_status":"closed","template":"","meta":{"footnotes":""},"class_list":["post-130","page","type-page","status-publish","hentry"],"_links":{"self":[{"href":"https:\/\/charlottecouturier.com\/index.php\/wp-json\/wp\/v2\/pages\/130","targetHints":{"allow":["GET"]}}],"collection":[{"href":"https:\/\/charlottecouturier.com\/index.php\/wp-json\/wp\/v2\/pages"}],"about":[{"href":"https:\/\/charlottecouturier.com\/index.php\/wp-json\/wp\/v2\/types\/page"}],"author":[{"embeddable":true,"href":"https:\/\/charlottecouturier.com\/index.php\/wp-json\/wp\/v2\/users\/1"}],"replies":[{"embeddable":true,"href":"https:\/\/charlottecouturier.com\/index.php\/wp-json\/wp\/v2\/comments?post=130"}],"version-history":[{"count":9,"href":"https:\/\/charlottecouturier.com\/index.php\/wp-json\/wp\/v2\/pages\/130\/revisions"}],"predecessor-version":[{"id":435,"href":"https:\/\/charlottecouturier.com\/index.php\/wp-json\/wp\/v2\/pages\/130\/revisions\/435"}],"wp:attachment":[{"href":"https:\/\/charlottecouturier.com\/index.php\/wp-json\/wp\/v2\/media?parent=130"}],"curies":[{"name":"wp","href":"https:\/\/api.w.org\/{rel}","templated":true}]}}