{"id":27,"date":"2019-04-15T10:24:30","date_gmt":"2019-04-15T10:24:30","guid":{"rendered":"https:\/\/charlottecouturier.com\/?page_id=27"},"modified":"2025-09-19T18:31:20","modified_gmt":"2025-09-19T18:31:20","slug":"presentation","status":"publish","type":"page","link":"https:\/\/charlottecouturier.com\/","title":{"rendered":"Bienvenu\u2022es !"},"content":{"rendered":"\n<p>Artiste sc\u00e9nique et vocale, je suis \u00e9galement formatrice en expression orale. Je pr\u00e9sente r\u00e9guli\u00e8rement spectacles et ateliers en Belgique et \u00e0 l&rsquo;\u00e9tranger.<br><a href=\"https:\/\/charlottecouturier.com\/index.php\/a-propos\/\" data-type=\"page\" data-id=\"1152\">en savoir plus<\/a><br><br><\/p>\n\n\n\n<p><\/p>\n\n\n\n<div class=\"wp-block-columns alignwide is-layout-flex wp-container-core-columns-is-layout-9d6595d7 wp-block-columns-is-layout-flex\">\n<div class=\"wp-block-column is-vertically-aligned-center is-layout-flow wp-block-column-is-layout-flow\">\n<figure class=\"wp-block-image size-large\"><img fetchpriority=\"high\" decoding=\"async\" width=\"1024\" height=\"768\" src=\"https:\/\/charlottecouturier.com\/wp-content\/uploads\/2019\/04\/Bienvenues-une-performance-sur-les-insultes-sexistes_-a-la-Maison-des-Metallos-Paris-2019-1024x768.jpg\" alt=\"\" class=\"wp-image-892\" srcset=\"https:\/\/charlottecouturier.com\/wp-content\/uploads\/2019\/04\/Bienvenues-une-performance-sur-les-insultes-sexistes_-a-la-Maison-des-Metallos-Paris-2019-1024x768.jpg 1024w, https:\/\/charlottecouturier.com\/wp-content\/uploads\/2019\/04\/Bienvenues-une-performance-sur-les-insultes-sexistes_-a-la-Maison-des-Metallos-Paris-2019-300x225.jpg 300w, https:\/\/charlottecouturier.com\/wp-content\/uploads\/2019\/04\/Bienvenues-une-performance-sur-les-insultes-sexistes_-a-la-Maison-des-Metallos-Paris-2019-768x576.jpg 768w, https:\/\/charlottecouturier.com\/wp-content\/uploads\/2019\/04\/Bienvenues-une-performance-sur-les-insultes-sexistes_-a-la-Maison-des-Metallos-Paris-2019-1536x1152.jpg 1536w, https:\/\/charlottecouturier.com\/wp-content\/uploads\/2019\/04\/Bienvenues-une-performance-sur-les-insultes-sexistes_-a-la-Maison-des-Metallos-Paris-2019-2048x1536.jpg 2048w, https:\/\/charlottecouturier.com\/wp-content\/uploads\/2019\/04\/Bienvenues-une-performance-sur-les-insultes-sexistes_-a-la-Maison-des-Metallos-Paris-2019-480x360.jpg 480w, https:\/\/charlottecouturier.com\/wp-content\/uploads\/2019\/04\/Bienvenues-une-performance-sur-les-insultes-sexistes_-a-la-Maison-des-Metallos-Paris-2019-1000x750.jpg 1000w, https:\/\/charlottecouturier.com\/wp-content\/uploads\/2019\/04\/Bienvenues-une-performance-sur-les-insultes-sexistes_-a-la-Maison-des-Metallos-Paris-2019-230x173.jpg 230w, https:\/\/charlottecouturier.com\/wp-content\/uploads\/2019\/04\/Bienvenues-une-performance-sur-les-insultes-sexistes_-a-la-Maison-des-Metallos-Paris-2019-350x263.jpg 350w\" sizes=\"(max-width: 1024px) 100vw, 1024px\" \/><\/figure>\n\n\n\n<p class=\"has-text-align-center\"><a href=\"https:\/\/charlottecouturier.com\/index.php\/art\/\" data-type=\"page\" data-id=\"1117\">sc\u00e8ne et voix<\/a><\/p>\n<\/div>\n\n\n\n<div class=\"wp-block-column is-vertically-aligned-center is-layout-flow wp-block-column-is-layout-flow\"><div class=\"wp-block-image\">\n<figure class=\"aligncenter size-large is-resized\"><img decoding=\"async\" width=\"819\" height=\"1024\" src=\"https:\/\/charlottecouturier.com\/wp-content\/uploads\/2025\/09\/B.A.O.-2024-819x1024.jpeg\" alt=\"\" class=\"wp-image-1298\" style=\"width:178px;height:auto\" srcset=\"https:\/\/charlottecouturier.com\/wp-content\/uploads\/2025\/09\/B.A.O.-2024-819x1024.jpeg 819w, https:\/\/charlottecouturier.com\/wp-content\/uploads\/2025\/09\/B.A.O.-2024-240x300.jpeg 240w, https:\/\/charlottecouturier.com\/wp-content\/uploads\/2025\/09\/B.A.O.-2024-768x960.jpeg 768w, https:\/\/charlottecouturier.com\/wp-content\/uploads\/2025\/09\/B.A.O.-2024-1229x1536.jpeg 1229w, https:\/\/charlottecouturier.com\/wp-content\/uploads\/2025\/09\/B.A.O.-2024-480x600.jpeg 480w, https:\/\/charlottecouturier.com\/wp-content\/uploads\/2025\/09\/B.A.O.-2024-1000x1250.jpeg 1000w, https:\/\/charlottecouturier.com\/wp-content\/uploads\/2025\/09\/B.A.O.-2024-230x288.jpeg 230w, https:\/\/charlottecouturier.com\/wp-content\/uploads\/2025\/09\/B.A.O.-2024-350x438.jpeg 350w, https:\/\/charlottecouturier.com\/wp-content\/uploads\/2025\/09\/B.A.O.-2024.jpeg 1440w\" sizes=\"(max-width: 819px) 100vw, 819px\" \/><\/figure><\/div>\n\n\n<p class=\"has-text-align-center\"><a href=\"https:\/\/charlottecouturier.com\/index.php\/formations\/\" data-type=\"page\" data-id=\"1121\">formations<\/a><\/p>\n<\/div>\n\n\n\n<div class=\"wp-block-column is-vertically-aligned-center is-layout-flow wp-block-column-is-layout-flow\">\n<figure class=\"wp-block-image size-large\"><img decoding=\"async\" width=\"1024\" height=\"768\" src=\"https:\/\/charlottecouturier.com\/wp-content\/uploads\/2019\/04\/Ce-qui-entrave-la-parole-des-femmes__-conference-au-Collectif-Formation-Societe-Bruxelles-2021-1024x768.jpg\" alt=\"\" class=\"wp-image-894\" srcset=\"https:\/\/charlottecouturier.com\/wp-content\/uploads\/2019\/04\/Ce-qui-entrave-la-parole-des-femmes__-conference-au-Collectif-Formation-Societe-Bruxelles-2021-1024x768.jpg 1024w, https:\/\/charlottecouturier.com\/wp-content\/uploads\/2019\/04\/Ce-qui-entrave-la-parole-des-femmes__-conference-au-Collectif-Formation-Societe-Bruxelles-2021-300x225.jpg 300w, https:\/\/charlottecouturier.com\/wp-content\/uploads\/2019\/04\/Ce-qui-entrave-la-parole-des-femmes__-conference-au-Collectif-Formation-Societe-Bruxelles-2021-768x576.jpg 768w, https:\/\/charlottecouturier.com\/wp-content\/uploads\/2019\/04\/Ce-qui-entrave-la-parole-des-femmes__-conference-au-Collectif-Formation-Societe-Bruxelles-2021-1536x1152.jpg 1536w, https:\/\/charlottecouturier.com\/wp-content\/uploads\/2019\/04\/Ce-qui-entrave-la-parole-des-femmes__-conference-au-Collectif-Formation-Societe-Bruxelles-2021-2048x1536.jpg 2048w, https:\/\/charlottecouturier.com\/wp-content\/uploads\/2019\/04\/Ce-qui-entrave-la-parole-des-femmes__-conference-au-Collectif-Formation-Societe-Bruxelles-2021-480x360.jpg 480w, https:\/\/charlottecouturier.com\/wp-content\/uploads\/2019\/04\/Ce-qui-entrave-la-parole-des-femmes__-conference-au-Collectif-Formation-Societe-Bruxelles-2021-1000x750.jpg 1000w, https:\/\/charlottecouturier.com\/wp-content\/uploads\/2019\/04\/Ce-qui-entrave-la-parole-des-femmes__-conference-au-Collectif-Formation-Societe-Bruxelles-2021-230x173.jpg 230w, https:\/\/charlottecouturier.com\/wp-content\/uploads\/2019\/04\/Ce-qui-entrave-la-parole-des-femmes__-conference-au-Collectif-Formation-Societe-Bruxelles-2021-350x263.jpg 350w\" sizes=\"(max-width: 1024px) 100vw, 1024px\" \/><\/figure>\n\n\n\n<p class=\"has-text-align-center\"><a href=\"https:\/\/charlottecouturier.com\/index.php\/engagement\/\" data-type=\"page\" data-id=\"1124\">engagement<\/a><\/p>\n<\/div>\n<\/div>\n\n\n\n<p><\/p>\n","protected":false},"excerpt":{"rendered":"<p>Artiste sc\u00e9nique et vocale, je suis \u00e9galement formatrice en expression orale. Je pr\u00e9sente r\u00e9guli\u00e8rement spectacles et ateliers en Belgique et \u00e0 l&rsquo;\u00e9tranger.en [&hellip;]<\/p>\n","protected":false},"author":1,"featured_media":0,"parent":0,"menu_order":0,"comment_status":"closed","ping_status":"closed","template":"","meta":{"footnotes":""},"class_list":["post-27","page","type-page","status-publish","hentry"],"_links":{"self":[{"href":"https:\/\/charlottecouturier.com\/index.php\/wp-json\/wp\/v2\/pages\/27","targetHints":{"allow":["GET"]}}],"collection":[{"href":"https:\/\/charlottecouturier.com\/index.php\/wp-json\/wp\/v2\/pages"}],"about":[{"href":"https:\/\/charlottecouturier.com\/index.php\/wp-json\/wp\/v2\/types\/page"}],"author":[{"embeddable":true,"href":"https:\/\/charlottecouturier.com\/index.php\/wp-json\/wp\/v2\/users\/1"}],"replies":[{"embeddable":true,"href":"https:\/\/charlottecouturier.com\/index.php\/wp-json\/wp\/v2\/comments?post=27"}],"version-history":[{"count":222,"href":"https:\/\/charlottecouturier.com\/index.php\/wp-json\/wp\/v2\/pages\/27\/revisions"}],"predecessor-version":[{"id":1332,"href":"https:\/\/charlottecouturier.com\/index.php\/wp-json\/wp\/v2\/pages\/27\/revisions\/1332"}],"wp:attachment":[{"href":"https:\/\/charlottecouturier.com\/index.php\/wp-json\/wp\/v2\/media?parent=27"}],"curies":[{"name":"wp","href":"https:\/\/api.w.org\/{rel}","templated":true}]}}