{"id":474,"date":"2021-05-28T20:33:14","date_gmt":"2021-05-28T20:33:14","guid":{"rendered":"https:\/\/charlottecouturier.com\/?page_id=474"},"modified":"2025-09-19T12:15:28","modified_gmt":"2025-09-19T12:15:28","slug":"performances-et-creations-sceniques","status":"publish","type":"page","link":"https:\/\/charlottecouturier.com\/index.php\/performances-et-creations-sceniques\/","title":{"rendered":"performances sc\u00e9niques et cr\u00e9ations"},"content":{"rendered":"\n<div class=\"wp-block-jetpack-slideshow aligncenter is-style-rectangular\" data-effect=\"slide\"><div class=\"wp-block-jetpack-slideshow_container swiper-container\"><ul class=\"wp-block-jetpack-slideshow_swiper-wrapper swiper-wrapper\"><li class=\"wp-block-jetpack-slideshow_slide swiper-slide\"><figure><img fetchpriority=\"high\" decoding=\"async\" width=\"1440\" height=\"2160\" alt=\"\" class=\"wp-block-jetpack-slideshow_image wp-image-951\" data-id=\"951\" src=\"https:\/\/charlottecouturier.com\/wp-content\/uploads\/2024\/11\/Performance-_Le-chant-des-Sirenes_-curation-Lola-Meotti-au-CAL-Charleroi-2022-__-@Morgane-Vlecken-19.jpeg\" srcset=\"https:\/\/charlottecouturier.com\/wp-content\/uploads\/2024\/11\/Performance-_Le-chant-des-Sirenes_-curation-Lola-Meotti-au-CAL-Charleroi-2022-__-@Morgane-Vlecken-19.jpeg 1440w, https:\/\/charlottecouturier.com\/wp-content\/uploads\/2024\/11\/Performance-_Le-chant-des-Sirenes_-curation-Lola-Meotti-au-CAL-Charleroi-2022-__-@Morgane-Vlecken-19-200x300.jpeg 200w, https:\/\/charlottecouturier.com\/wp-content\/uploads\/2024\/11\/Performance-_Le-chant-des-Sirenes_-curation-Lola-Meotti-au-CAL-Charleroi-2022-__-@Morgane-Vlecken-19-683x1024.jpeg 683w, https:\/\/charlottecouturier.com\/wp-content\/uploads\/2024\/11\/Performance-_Le-chant-des-Sirenes_-curation-Lola-Meotti-au-CAL-Charleroi-2022-__-@Morgane-Vlecken-19-768x1152.jpeg 768w, https:\/\/charlottecouturier.com\/wp-content\/uploads\/2024\/11\/Performance-_Le-chant-des-Sirenes_-curation-Lola-Meotti-au-CAL-Charleroi-2022-__-@Morgane-Vlecken-19-1024x1536.jpeg 1024w, https:\/\/charlottecouturier.com\/wp-content\/uploads\/2024\/11\/Performance-_Le-chant-des-Sirenes_-curation-Lola-Meotti-au-CAL-Charleroi-2022-__-@Morgane-Vlecken-19-1365x2048.jpeg 1365w, https:\/\/charlottecouturier.com\/wp-content\/uploads\/2024\/11\/Performance-_Le-chant-des-Sirenes_-curation-Lola-Meotti-au-CAL-Charleroi-2022-__-@Morgane-Vlecken-19-480x720.jpeg 480w, https:\/\/charlottecouturier.com\/wp-content\/uploads\/2024\/11\/Performance-_Le-chant-des-Sirenes_-curation-Lola-Meotti-au-CAL-Charleroi-2022-__-@Morgane-Vlecken-19-1000x1500.jpeg 1000w, https:\/\/charlottecouturier.com\/wp-content\/uploads\/2024\/11\/Performance-_Le-chant-des-Sirenes_-curation-Lola-Meotti-au-CAL-Charleroi-2022-__-@Morgane-Vlecken-19-230x345.jpeg 230w, https:\/\/charlottecouturier.com\/wp-content\/uploads\/2024\/11\/Performance-_Le-chant-des-Sirenes_-curation-Lola-Meotti-au-CAL-Charleroi-2022-__-@Morgane-Vlecken-19-350x525.jpeg 350w\" sizes=\"(max-width: 1440px) 100vw, 1440px\" \/><figcaption class=\"wp-block-jetpack-slideshow_caption gallery-caption\">Performance \u00ab\u00a0Le chant des Sire\u0300nes\u00a0\u00bb, curation Lola Meotti au CAL Charleroi (2022) @Morgane Vlecken<\/figcaption><\/figure><\/li><li class=\"wp-block-jetpack-slideshow_slide swiper-slide\"><figure><img decoding=\"async\" width=\"2560\" height=\"1369\" alt=\"\" class=\"wp-block-jetpack-slideshow_image wp-image-907\" data-id=\"907\" src=\"https:\/\/charlottecouturier.com\/wp-content\/uploads\/2024\/11\/Bienvenues-une-performance-sur-les-insultes-sexistes_-Place-de-La-Monnaie-Bruxelles-2021-__-@-Noemie-Maton-Dujardin-scaled.jpg\" srcset=\"https:\/\/charlottecouturier.com\/wp-content\/uploads\/2024\/11\/Bienvenues-une-performance-sur-les-insultes-sexistes_-Place-de-La-Monnaie-Bruxelles-2021-__-@-Noemie-Maton-Dujardin-scaled.jpg 2560w, https:\/\/charlottecouturier.com\/wp-content\/uploads\/2024\/11\/Bienvenues-une-performance-sur-les-insultes-sexistes_-Place-de-La-Monnaie-Bruxelles-2021-__-@-Noemie-Maton-Dujardin-300x160.jpg 300w, https:\/\/charlottecouturier.com\/wp-content\/uploads\/2024\/11\/Bienvenues-une-performance-sur-les-insultes-sexistes_-Place-de-La-Monnaie-Bruxelles-2021-__-@-Noemie-Maton-Dujardin-1024x548.jpg 1024w, https:\/\/charlottecouturier.com\/wp-content\/uploads\/2024\/11\/Bienvenues-une-performance-sur-les-insultes-sexistes_-Place-de-La-Monnaie-Bruxelles-2021-__-@-Noemie-Maton-Dujardin-768x411.jpg 768w, https:\/\/charlottecouturier.com\/wp-content\/uploads\/2024\/11\/Bienvenues-une-performance-sur-les-insultes-sexistes_-Place-de-La-Monnaie-Bruxelles-2021-__-@-Noemie-Maton-Dujardin-1536x822.jpg 1536w, https:\/\/charlottecouturier.com\/wp-content\/uploads\/2024\/11\/Bienvenues-une-performance-sur-les-insultes-sexistes_-Place-de-La-Monnaie-Bruxelles-2021-__-@-Noemie-Maton-Dujardin-2048x1095.jpg 2048w, https:\/\/charlottecouturier.com\/wp-content\/uploads\/2024\/11\/Bienvenues-une-performance-sur-les-insultes-sexistes_-Place-de-La-Monnaie-Bruxelles-2021-__-@-Noemie-Maton-Dujardin-480x257.jpg 480w, https:\/\/charlottecouturier.com\/wp-content\/uploads\/2024\/11\/Bienvenues-une-performance-sur-les-insultes-sexistes_-Place-de-La-Monnaie-Bruxelles-2021-__-@-Noemie-Maton-Dujardin-1000x535.jpg 1000w, https:\/\/charlottecouturier.com\/wp-content\/uploads\/2024\/11\/Bienvenues-une-performance-sur-les-insultes-sexistes_-Place-de-La-Monnaie-Bruxelles-2021-__-@-Noemie-Maton-Dujardin-230x123.jpg 230w, https:\/\/charlottecouturier.com\/wp-content\/uploads\/2024\/11\/Bienvenues-une-performance-sur-les-insultes-sexistes_-Place-de-La-Monnaie-Bruxelles-2021-__-@-Noemie-Maton-Dujardin-350x187.jpg 350w\" sizes=\"(max-width: 2560px) 100vw, 2560px\" \/><figcaption class=\"wp-block-jetpack-slideshow_caption gallery-caption\">\u00ab\u00a0Bienvenues ! (une performance sur les insultes sexistes)\u00a0\u00bb, Place de La Monnaie, Bruxelles (2021) @ Noe\u0301mie Maton Dujardin<\/figcaption><\/figure><\/li><\/ul><a class=\"wp-block-jetpack-slideshow_button-prev swiper-button-prev swiper-button-white\" role=\"button\"><\/a><a class=\"wp-block-jetpack-slideshow_button-next swiper-button-next swiper-button-white\" role=\"button\"><\/a><a aria-label=\"Pause Slideshow\" class=\"wp-block-jetpack-slideshow_button-pause\" role=\"button\"><\/a><div class=\"wp-block-jetpack-slideshow_pagination swiper-pagination swiper-pagination-white\"><\/div><\/div><\/div>\n\n\n\n<p><strong>2023<\/strong><\/p>\n\n\n\n<ul class=\"wp-block-list\">\n<li><strong>Concert des&nbsp;HOT BODIES<\/strong>, le&nbsp;<strong>18 septembre 2023<\/strong>&nbsp;au&nbsp;<strong><a href=\"https:\/\/famefestival.be\/fr\/fame-event\/hot-bodies_choirs\/?fbclid=IwAR1dgbwkaFw52o_KLjtwEcSwVKyAF6erv5DHnA1O0mkmJDQz5ieC3u8wymo\" data-type=\"link\" data-id=\"https:\/\/famefestival.be\/fr\/fame-event\/hot-bodies_choirs\/?fbclid=IwAR1dgbwkaFw52o_KLjtwEcSwVKyAF6erv5DHnA1O0mkmJDQz5ieC3u8wymo\">FAME Festival<\/a><\/strong>,&nbsp;<strong>Bruxelles<\/strong>&nbsp;(Belgique)<\/li>\n\n\n\n<li><strong><a href=\"https:\/\/maci.univ-grenoble-alpes.fr\/fr\/actualites\/confallant-vert-ravages-ecologiques-et-climatiques-raisons-linaction\" data-type=\"link\" data-id=\"https:\/\/maci.univ-grenoble-alpes.fr\/fr\/actualites\/confallant-vert-ravages-ecologiques-et-climatiques-raisons-linaction\">Ravages \u00e9cologiques et climatiques : les raisons de l&rsquo;inaction<\/a>,<\/strong> une conf\u00e9rence perform\u00e9e \u00ab\u00a0Art et Science\u00a0\u00bb avec le chercheur Jean-Michel Hup\u00e9 du C.N.R.S., le <strong>26 juin 2023<\/strong> \u00e0 la <strong>Maison de la Cr\u00e9ation et de l&rsquo;Innovation \/ UGA Design Factory<\/strong>, <strong>Grenoble<\/strong> (France)<\/li>\n\n\n\n<li><strong><a href=\"https:\/\/www.facebook.com\/events\/248115154541123\/?ref=newsfeed\">Pr\u00e9sentation perform\u00e9e de l\u2019\u00e9tude ACTE3<\/a> <\/strong>men\u00e9e par Ecarlate la Cie, le <strong>2 Juin 2023<\/strong>, au <strong>Th\u00e9\u00e2tre National de Wallonie-Bruxelles<\/strong> (Belgique)<\/li>\n\n\n\n<li><strong><a href=\"https:\/\/www.facebook.com\/events\/760647445590219\/?ref=newsfeed\">Pr\u00e9sentation perform\u00e9e de l\u2019\u00e9tude ACTE3<\/a> <\/strong>men\u00e9e par Ecarlate la Cie, le <strong>19 Avril 2023<\/strong>, \u00e0<strong> Louvain La Neuve <\/strong>&nbsp;(Belgique)<\/li>\n\n\n\n<li><strong><a href=\"https:\/\/www.festivaldeliege.be\/journeedetude?fbclid=IwAR2uYfqEEdr_uWarUu3RLf49gipFJLObkrP6G8BLcx98xxggJyfDEaqIYxI\">Pr\u00e9sentation perform\u00e9e de l\u2019\u00e9tude ACTE3<\/a> <\/strong>men\u00e9e par Ecarlate la Cie, le <strong>11 f\u00e9vrier 2023, <\/strong>au Man\u00e8ge Fonck, <strong>Festival de Li\u00e8ge<\/strong>&nbsp;(Belgique)<\/li>\n<\/ul>\n\n\n\n<p><strong>2022<\/strong><\/p>\n\n\n\n<ul class=\"wp-block-list\">\n<li><strong>Performance <\/strong>pour le vernissage de l\u2019exposition&nbsp;<strong><a href=\"https:\/\/femmesdemars.be\/project\/le-chant-des-sirenes\/\" data-type=\"link\" data-id=\"https:\/\/femmesdemars.be\/project\/le-chant-des-sirenes\/\">Le chant des sir\u00e8nes<\/a><\/strong><em>&nbsp;<\/em>\/ curation Lola Meotti, le&nbsp;<strong>4 mars 22&nbsp;<\/strong>au <strong>CAL Charleroi <\/strong>(Belgique)<\/li>\n\n\n\n<li><a href=\"https:\/\/www.festivaldeliege.be\/journeedetude\"><strong>Pr\u00e9sentation perform\u00e9e de l&rsquo;\u00e9tude ACTE3<\/strong><\/a> men\u00e9e par Ecarlate la Cie, le <strong>26 f\u00e9vrier 2022<\/strong> au Man\u00e8ge Fonck, <strong>Festival de Li\u00e8ge<\/strong> (Belgique)<\/li>\n<\/ul>\n\n\n\n<p><strong>2021<\/strong><\/p>\n\n\n\n<ul class=\"wp-block-list\">\n<li><strong>La visibilit\u00e9 n&rsquo;est pas un salaire<\/strong>, actrice pour la capsule vid\u00e9o r\u00e9alis\u00e9e par Clara Thomine, le <strong>1er septembre 2021<\/strong>, pour la <strong>F\u00e9d\u00e9ration des Arts Plastiques<\/strong>,<strong> Bruxelles <\/strong>(Belgique)<\/li>\n\n\n\n<li><a href=\"https:\/\/www.facebook.com\/events\/181784667112706\"><strong>The Practice of Democracy<\/strong><\/a><strong>,<\/strong> Concept : Danae Theodoridou | Speech : Charlotte Couturier, le <strong>2 juillet 21<\/strong> au <strong>Festival Recyclart, Bruxelles<\/strong> (Belgique)<\/li>\n\n\n\n<li>Lecture parl\u00e9e d&rsquo;<strong>\u00ab\u00a0\u00f4 la terre !\u00a0\u00bb<\/strong> de Sophie Laroque-Texier, le <strong>2 juin 2021<\/strong> \u00e0 la <strong>Galerie Ma\u00eetre-Albert<\/strong>, <strong>Paris<\/strong> (France)<\/li>\n\n\n\n<li><a href=\"https:\/\/www.facebook.com\/events\/796893807931370\/\"><strong>Bienvenues ! (une performance sur les insultes sexistes)<\/strong><\/a><strong> <\/strong>pour&nbsp;<em>StillStanding For Culture<\/em>, le <strong>6 mai 2021<\/strong> aux&nbsp;<strong>Halles de Schaerbeek, Bruxelles<\/strong>&nbsp;(Belgique)<\/li>\n\n\n\n<li><a href=\"https:\/\/performerlessavoir.wixsite.com\/performerlessavoirs\/journee-laboratoire\"><strong>Insultes sexistes : test oeil \/ oreille<\/strong><\/a>, intervention performative pour la journ\u00e9e-laboratoire <em>Performer les savoirs \/ Performing Knowledge #4<\/em>, le <strong>13 avril 21&nbsp;<\/strong>\u00e0 l<strong>\u2018Universit\u00e9 Paris 8&nbsp;<\/strong>(France)<\/li>\n\n\n\n<li><strong>Bienvenues ! (une performance sur les insultes sexistes)&nbsp;<\/strong>au sein du s\u00e9minaire sur la conf\u00e9rence perform\u00e9e de Chlo\u00e9 D\u00e9chery, le <strong>6 avril 21<\/strong> \u00e0 l&rsquo;<strong>Universit\u00e9 Paris 8 (France)<\/strong><\/li>\n\n\n\n<li><a href=\"https:\/\/www.facebook.com\/events\/253047766304564\/\"><strong>Bienvenues !&nbsp;(une performance sur les insultes sexistes)<\/strong><\/a><strong> <\/strong>pour la Gr\u00e8ve des femmes (en partenariat avec Vie F\u00e9minine Bruxelles), le <strong>8 mars 2021, Place de La Monnaie, Bruxelles<\/strong>&nbsp;(Belgique)<\/li>\n<\/ul>\n\n\n\n<p><strong>2020<\/strong><\/p>\n\n\n\n<ul class=\"wp-block-list\">\n<li><strong>Concert du Hot Bodies Choir,<\/strong> le <strong>9 octobre 2020<\/strong> au 1day4ideas@La Bellone, <strong>Bruxelles<\/strong> (Belgique)<\/li>\n\n\n\n<li>Concert du<strong>&nbsp;Hot Bodies Choir<\/strong>, le&nbsp;<strong>26 septembre 2020<\/strong>&nbsp;au&nbsp;<a href=\"https:\/\/www.facebook.com\/events\/676474056295719\">Festival de tous corps<\/a> organis\u00e9 par Le Poisson Sans Bicyclette \u00e0 <strong>SEE U, Bruxelles<\/strong> (Belgique)<\/li>\n\n\n\n<li><a href=\"https:\/\/programmation.maifsocialclub.fr\/evenements\/le-grand-bazar-des-savoirs\/\"><strong>Experte de la parole des femmes*<\/strong><\/a><strong> <\/strong>au&nbsp;<em>Grand Bazar des Savoirs<\/em> organis\u00e9 par Didier Ruiz, les <strong>5&nbsp;<\/strong>et<strong>&nbsp;6 septembre 2020<\/strong>&nbsp;au&nbsp;<strong>MAIF Social Club<\/strong>, <strong>Paris<\/strong> (France)&nbsp;<\/li>\n\n\n\n<li><a href=\"https:\/\/www.facebook.com\/groups\/162812404997655\"><strong>LI(B)RE<\/strong><\/a><strong>&nbsp;:<\/strong> un projet de lectures de textes \u00e0 voix haute(s) en ligne cr\u00e9\u00e9 par Camille Loiseau et Ta\u00efla Onraedt : <strong>lectrice&nbsp;<\/strong>depuis&nbsp;<strong>mai 2020 <\/strong><\/li>\n\n\n\n<li><strong>Bienvenues ! (une performance sur les insultes sexistes)&nbsp;<\/strong>pour la gr\u00e8ve des femmes du<strong>&nbsp;8 mars 2020<\/strong>&nbsp;\u00e0&nbsp;<strong>Vie F\u00e9minine<\/strong>, <strong>Nivelles<\/strong> (Belgique)<\/li>\n\n\n\n<li><a href=\"https:\/\/www.facebook.com\/events\/421286208776451\/\"><strong>Bienvenues ! (une performance sur les insultes sexistes)<\/strong> <\/a>au <em>Queer Club for Hot Bodies of The Future<\/em>, organis\u00e9 par G\u00e9rald Kurdian, le <strong>8 f\u00e9vrier2020<\/strong>&nbsp;au&nbsp;<strong>FGO-Barbara, Paris<\/strong> (France)<\/li>\n\n\n\n<li><a href=\"https:\/\/www.facebook.com\/events\/604296913665161\/\"><strong>Bienvenues !&nbsp;(une performance sur les insultes sexistes)<\/strong><\/a><strong>\u00e0<\/strong>&nbsp;Propulsion&nbsp;\u2013 sc\u00e8ne ouverte propos\u00e9e par Les Aliennes, le&nbsp;<strong>28 janvier 2020<\/strong>&nbsp;\u00e0 la&nbsp;<strong>P\u00e9niche Antipode<\/strong>, <strong>Paris<\/strong> (France)&nbsp;&nbsp;<\/li>\n<\/ul>\n\n\n\n<p><strong>2019<\/strong><\/p>\n\n\n\n<ul class=\"wp-block-list\">\n<li><a href=\"https:\/\/www.maisondesmetallos.paris\/fr\/le-programme\/les-coops\/on-seffondre-ou-pas\/la-transition-1\"><strong>Bienvenues ! (une performance sur les insultes sexistes)<\/strong><\/a>&nbsp;(cr\u00e9ation), le&nbsp;<strong>6 d\u00e9cembre 2019<\/strong> \u00e0 la <strong>Maison des M\u00e9tallos<\/strong>, <strong>Paris<\/strong> (France)<\/li>\n\n\n\n<li><strong>Concert du&nbsp;Hot Bodies Choir,&nbsp;<\/strong>le&nbsp;<strong>24 octobre 2019<\/strong>&nbsp;&nbsp;\u00e0&nbsp;<a href=\"https:\/\/www.facebook.com\/events\/532304284174071\/?active_tab=about\">SOPHIA<\/a><strong>&nbsp;\/ Belgian Gender Studies Network<\/strong>,&nbsp;<strong>Bruxelles<\/strong> (Belgique)<\/li>\n\n\n\n<li><strong>Concert du&nbsp;Hot Bodies Choir<\/strong>&nbsp;le<strong>&nbsp;8&nbsp;juin 2019<\/strong>&nbsp;\u00e0&nbsp;<a href=\"https:\/\/www.facebook.com\/events\/2036742209968139\/\">Mothers and Daughters&nbsp;<\/a><a href=\"https:\/\/www.facebook.com\/mothersanddaughtersbar\/\">\u2013 A Lesbian &amp; Trans Bar<\/a>,&nbsp;<strong>Bruxelles<\/strong> (Belgique)<\/li>\n\n\n\n<li><strong>Lecture vivante et f\u00e9ministe&nbsp;<\/strong>le&nbsp;<strong>6 juin 2019<\/strong>&nbsp;au Festival \u00ab&nbsp;Faire genres !&nbsp;\u00bb de la&nbsp;<strong>PAC Bruxelles&nbsp;<\/strong>(Belgique)<\/li>\n\n\n\n<li><strong>Concert du&nbsp;Hot Bodies Choir&nbsp;<\/strong>le&nbsp;<strong>25 mai 2019<\/strong>&nbsp;au<strong>&nbsp;Kunstenfestivaldesarts<\/strong>,&nbsp;<strong>Bruxelles&nbsp;<\/strong>(Belgique)<\/li>\n\n\n\n<li><strong>Concert du&nbsp;Hot Bodies Choir&nbsp;<\/strong>le&nbsp;<strong>17 mai 2019<\/strong>&nbsp;\u00e0&nbsp;<strong>BOZAR, Bruxelles<\/strong> (Belgique)<\/li>\n\n\n\n<li><strong>Concert du&nbsp;Hot Bodies Choir&nbsp;<\/strong>le&nbsp;<strong>9 mai 2019&nbsp;<\/strong>\u00e0&nbsp;<strong>La Bellone, Bruxelles<\/strong> (Belgique)<\/li>\n\n\n\n<li><strong><del>L<\/del>a&nbsp;femme<\/strong>, \u00e9criture et performance, le <strong>17 mars 2019<\/strong> au <strong>Festival Ladyfest BXL<\/strong>&nbsp;(Belgique)<\/li>\n\n\n\n<li><strong>Concert du&nbsp;Hot Bodies Choir<\/strong>&nbsp;le<strong>&nbsp;25 f\u00e9vrier 2019&nbsp;<\/strong>au&nbsp;<strong>Kunstencentrum BUDA<\/strong>,&nbsp;<strong>Courtrai<\/strong> (Belgique)<\/li>\n<\/ul>\n\n\n\n<p><strong>2018<\/strong><\/p>\n\n\n\n<ul class=\"wp-block-list\">\n<li>Concert du <strong>Hot Bodies Choir&nbsp;<\/strong>le<strong>&nbsp;8 Septembre 2018&nbsp;<\/strong>\u00e0&nbsp;<strong>Globe Aroma&nbsp;<\/strong>et au<strong>&nbsp;Beursschouwburg<\/strong>, <strong>Bruxelles <\/strong>(Belgique)<\/li>\n<\/ul>\n\n\n\n<p><strong>2017<\/strong><\/p>\n\n\n\n<ul class=\"wp-block-list\">\n<li> Cr\u00e9ation du Livre Vivant&nbsp;<strong>F\u00e9ministe<\/strong> avec la Biblioth\u00e8que Vivante Bruxelles, <strong>octobre 2017<\/strong>&nbsp;\u00e0&nbsp;<strong>Pistoia<\/strong> (Italie) <\/li>\n\n\n\n<li><strong>Jean-Philippe Dauphin : des parts de lui-m\u00eame<\/strong>, installation de l\u2019exposition \/ hommage \u00e0 l&rsquo;artiste et pr\u00e9sentation des films \u00ab\u00a0Belle de fugue\u00a0\u00bb et La Ville de Sylvia\u00a0\u00bb, <strong>juin 2017<\/strong> \u00e0 la <strong>Cinematek, Bruxelles<\/strong> (Belgique)<\/li>\n\n\n\n<li><strong>Des histoires et rien d\u2019autre<\/strong>, montage de textes et mise en sc\u00e8ne des \u00e9tudiant\u00b7es, en <strong>juin 2017<\/strong> au <strong>Studio Art-T<\/strong>, <strong>Bruxelles<\/strong> (Belgique)<\/li>\n\n\n\n<li><strong>F. (l&rsquo;autre femme)<\/strong>, cr\u00e9ation d&rsquo;apr\u00e8s <em>Le Th\u00e9\u00e2tre<\/em> d&rsquo;Emma Santos, <strong>f\u00e9vrier 2017<\/strong>, <strong>Festival Factory<\/strong>, <strong>Li\u00e8ge<\/strong> (Belgique)<\/li>\n\n\n\n<li><strong>Vulve cr\u00e9atrice&nbsp;<\/strong>le&nbsp;<strong>6 f\u00e9vrier 2017<\/strong>&nbsp;\u00e0&nbsp;<a href=\"https:\/\/lamaisondulivre.be\/spip.php?article683#bibliothequevivante\">La Maison du Livre de Saint-Gilles<\/a>, <strong>Bruxelles<\/strong> (Belgique)<\/li>\n<\/ul>\n\n\n\n<p><strong>2016<\/strong><\/p>\n\n\n\n<ul class=\"wp-block-list\">\n<li> Cr\u00e9ation du Livre Vivant&nbsp;<strong>Vulve cr\u00e9atrice&nbsp;<\/strong>le&nbsp;<strong>15 octobre 2016<\/strong>&nbsp;\u00e0&nbsp;<a href=\"https:\/\/lamaisondulivre.be\/spip.php?article683#bibliothequevivante\">La Maison du Livre de Saint-Gilles<\/a>, Bruxelles (Belgique) <\/li>\n\n\n\n<li><strong>Symphonie des Arts<\/strong>, <strong>concert en plein air de la Patshiva Cie<\/strong>, le <strong>13 juillet 2016<\/strong> au <strong>Jardin des Deux Rives, Strasbourg<\/strong> (France)<\/li>\n\n\n\n<li><strong>Uit de bol \/ Coup de Choeurs + 10<\/strong> : un projet de Fabrizio Cassol, Alain Platel et Hildegard de Vuyst perform\u00e9 <strong>avec la Patshiva Cie<\/strong> le <strong>10 juin 2016<\/strong> au <strong>KVS, Bruxelles<\/strong> (Belgique)<\/li>\n\n\n\n<li><strong>Sklenicka na vino<\/strong>, installation sonore de ma cr\u00e9ation radiophonique <em>Le verre \u00e0 pied<\/em> au <strong>Festival &lsquo;Snez tu zabu\u2019<\/strong> du <strong>12<\/strong> au <strong>15 mars 2016<\/strong> \u00e0 <strong>Prague<\/strong> (R\u00e9publique Tch\u00e8que)<\/li>\n<\/ul>\n\n\n\n<p><strong>2015<\/strong> <\/p>\n\n\n\n<ul class=\"wp-block-list\">\n<li><strong>L\u00e0 o\u00f9 r\u00e8gne le Chaos des Anges<\/strong><em>,<\/em> spectacle musical de la Patshiva Cie en tourn\u00e9e en <strong>2015<\/strong>, <strong>Espace Senghor, Bruxelles<\/strong> \/ <strong>La ferme du Bi\u00e9reau<\/strong>, <strong>Louvain-la-Neuve<\/strong> (Belgique)<\/li>\n<\/ul>\n\n\n\n<p><strong>2014<\/strong><\/p>\n\n\n\n<ul class=\"wp-block-list\">\n<li><strong>M\u00e9d\u00e9e mat\u00e9riau : pi\u00e8ce paysage<\/strong>, cr\u00e9ation d\u2019apr\u00e8s le texte d\u2019Heiner M\u00fcller, en <strong>juin 2014<\/strong> au <strong>Studio Art-T<\/strong>, <strong>Bruxelles<\/strong> (Belgique)<\/li>\n\n\n\n<li><strong>Je n\u2019ai rien \u00e0 te dire sinon que je t\u2019aime<\/strong>, montage et mise en sc\u00e8ne pour la \u00ab Museum Night Fever\u00bb, <strong>mars 2014<\/strong>, <strong>Mus\u00e9e des Lettres et des Manuscrits<\/strong>, <strong>Bruxelles<\/strong> (Belgique)<\/li>\n<\/ul>\n\n\n\n<p><strong>2013<\/strong><\/p>\n\n\n\n<ul class=\"wp-block-list\">\n<li><strong>Chambre d&rsquo;\u00e9coute<\/strong>, montage et mise en sc\u00e8ne pour la \u00ab Museum Night Fever\u00bb, <strong>mars 2013<\/strong>, <strong>Mus\u00e9e des Lettres et des Manuscrits<\/strong>, <strong>Bruxelles<\/strong> (Belgique)<\/li>\n<\/ul>\n\n\n\n<p><\/p>\n","protected":false},"excerpt":{"rendered":"<p>2023 2022 2021 2020 2019 2018 2017 2016 2015 2014 2013<\/p>\n","protected":false},"author":1,"featured_media":0,"parent":0,"menu_order":0,"comment_status":"closed","ping_status":"closed","template":"","meta":{"footnotes":""},"class_list":["post-474","page","type-page","status-publish","hentry"],"_links":{"self":[{"href":"https:\/\/charlottecouturier.com\/index.php\/wp-json\/wp\/v2\/pages\/474","targetHints":{"allow":["GET"]}}],"collection":[{"href":"https:\/\/charlottecouturier.com\/index.php\/wp-json\/wp\/v2\/pages"}],"about":[{"href":"https:\/\/charlottecouturier.com\/index.php\/wp-json\/wp\/v2\/types\/page"}],"author":[{"embeddable":true,"href":"https:\/\/charlottecouturier.com\/index.php\/wp-json\/wp\/v2\/users\/1"}],"replies":[{"embeddable":true,"href":"https:\/\/charlottecouturier.com\/index.php\/wp-json\/wp\/v2\/comments?post=474"}],"version-history":[{"count":61,"href":"https:\/\/charlottecouturier.com\/index.php\/wp-json\/wp\/v2\/pages\/474\/revisions"}],"predecessor-version":[{"id":1331,"href":"https:\/\/charlottecouturier.com\/index.php\/wp-json\/wp\/v2\/pages\/474\/revisions\/1331"}],"wp:attachment":[{"href":"https:\/\/charlottecouturier.com\/index.php\/wp-json\/wp\/v2\/media?parent=474"}],"curies":[{"name":"wp","href":"https:\/\/api.w.org\/{rel}","templated":true}]}}