{"id":88,"date":"2019-04-17T14:41:35","date_gmt":"2019-04-17T14:41:35","guid":{"rendered":"https:\/\/charlottecouturier.com\/?page_id=88"},"modified":"2025-09-19T12:18:59","modified_gmt":"2025-09-19T12:18:59","slug":"cours-particuliers","status":"publish","type":"page","link":"https:\/\/charlottecouturier.com\/index.php\/cours-particuliers\/","title":{"rendered":"cours particuliers"},"content":{"rendered":"\n<p>J&rsquo;accompagne \u00e9galement celleux qui souhaitent am\u00e9liorer leur expression orale, de mani\u00e8re individuelle.<\/p>\n\n\n\n<p>Ces cours individuels concernent :<\/p>\n\n\n\n<ul class=\"wp-block-list\">\n<li>toutes celles et ceux qui &#8211; r\u00e9guli\u00e8rement ou occasionnellement &#8211; utilisent leur voix (parl\u00e9e ou chant\u00e9e) et doivent prendre la parole en public<\/li>\n\n\n\n<li>celles et ceux qui enseignent, transmettent, ont \u00e0 convaincre un auditoire, interpr\u00e8tent un texte, travaillent un r\u00f4le, un chant, le texte d\u2019une pr\u00e9sentation publique, une chronique journalistique&#8230;<\/li>\n\n\n\n<li>ou encore, celles et ceux, qui d\u00e9sirent gagner en aisance corporelle, d\u00e9passer leur timidit\u00e9, apprendre \u00e0 respirer, prononcer, ponctuer un texte pour rendre leur \u00e9nonc\u00e9 plus fluide, mieux mener le temps de leur pr\u00e9sentation, capter l\u2019attention plus joyeusement, acqu\u00e9rir des techniques pour faire avec le trac, am\u00e9liorer la qualit\u00e9 de leur timbre ou de leur prononciation<\/li>\n<\/ul>\n\n\n\n<p>La d\u00e9marche que je propose ne demande aucun pr\u00e9-requis et concerne autant les d\u00e9butant\u00b7es que les grand\u00b7es professionnel\u00b7les. Je fais avec vous !<br>La parole est un domaine o\u00f9 il y a toujours quelque chose \u00e0 travailler : c\u2019est la pratique qui permet de la faire \u00e9voluer. Et il n\u2019est jamais trop tard, non plus, pour commencer !<br>Pour les tarifs et les lieux de cours, comme pour toute information compl\u00e9mentaire : me contacter <a href=\"https:\/\/charlottecouturier.com\/index.php\/contact\/\" data-type=\"page\" data-id=\"14\">ici<\/a>.<\/p>\n\n\n\n<p>Au plaisir de vous rencontrer !<\/p>\n\n\n\n<p><\/p>\n","protected":false},"excerpt":{"rendered":"<p>J&rsquo;accompagne \u00e9galement celleux qui souhaitent am\u00e9liorer leur expression orale, de mani\u00e8re individuelle. Ces cours individuels concernent : La d\u00e9marche que je propose [&hellip;]<\/p>\n","protected":false},"author":1,"featured_media":0,"parent":0,"menu_order":0,"comment_status":"closed","ping_status":"closed","template":"","meta":{"footnotes":""},"class_list":["post-88","page","type-page","status-publish","hentry"],"_links":{"self":[{"href":"https:\/\/charlottecouturier.com\/index.php\/wp-json\/wp\/v2\/pages\/88","targetHints":{"allow":["GET"]}}],"collection":[{"href":"https:\/\/charlottecouturier.com\/index.php\/wp-json\/wp\/v2\/pages"}],"about":[{"href":"https:\/\/charlottecouturier.com\/index.php\/wp-json\/wp\/v2\/types\/page"}],"author":[{"embeddable":true,"href":"https:\/\/charlottecouturier.com\/index.php\/wp-json\/wp\/v2\/users\/1"}],"replies":[{"embeddable":true,"href":"https:\/\/charlottecouturier.com\/index.php\/wp-json\/wp\/v2\/comments?post=88"}],"version-history":[{"count":13,"href":"https:\/\/charlottecouturier.com\/index.php\/wp-json\/wp\/v2\/pages\/88\/revisions"}],"predecessor-version":[{"id":1288,"href":"https:\/\/charlottecouturier.com\/index.php\/wp-json\/wp\/v2\/pages\/88\/revisions\/1288"}],"wp:attachment":[{"href":"https:\/\/charlottecouturier.com\/index.php\/wp-json\/wp\/v2\/media?parent=88"}],"curies":[{"name":"wp","href":"https:\/\/api.w.org\/{rel}","templated":true}]}}